{"id":29,"date":"2026-03-26T19:49:32","date_gmt":"2026-03-26T18:49:32","guid":{"rendered":"https:\/\/www.ernestdeligny.com\/?page_id=29"},"modified":"2026-03-29T10:52:22","modified_gmt":"2026-03-29T08:52:22","slug":"archives-documents","status":"publish","type":"page","link":"https:\/\/www.ernestdeligny.com\/?page_id=29","title":{"rendered":"Archives &amp; Documents"},"content":{"rendered":"\n<ul class=\"wp-block-list\">\n<li>\u00ab\u00a0Apuntes historicos sobre las minas cobrizas de la sierra de Tharsis (Thartesis<\/li>\n\n\n\n<li>Boetica)\u00a0\u00bb por D. Ernesto Deligny, Revista Minera, 14, 1863, p.111 \u00e0 123.<\/li>\n\n\n\n<li>Ernesto Deligny, \u201cApuntes hist\u00f3ricos sobre las minas cobrizas de la sierra de Tharsis (Thartesis Baetica) \u201c,<\/li>\n\n\n\n<li>editado por la Asociaci\u00f3n Amigos de Tharsis: amigosdetharsis@ono.com. Remitimos tambi\u00e9n a:<\/li>\n\n\n\n<li>http:\/\/amigosdetharsis.blogspot.com\/<\/li>\n\n\n\n<li>\u00ab\u00a0Notice n\u00e9crologique sur M. Ernest Deligny\u00a0\u00bb par L.L. Vauthier, M\u00e9moires de la Soci\u00e9t\u00e9<\/li>\n\n\n\n<li>des ing\u00e9nieurs civils, Vol. 71, 1898, p.418 \u00e0 420.<\/li>\n\n\n\n<li>\u00ab\u00a0Ernest Deligny (1842), une vie d\u2019ing\u00e9nieur au XXe si\u00e8cle, 1820-1898\u00a0\u00bb par Jean-Louis<\/li>\n\n\n\n<li>Bordes, La Revue des Arts et M\u00e9tiers, Centraliens, ao\u00fbt 2010, n\u00b0 604, p. 60 \u00e0 63.<\/li>\n\n\n\n<li>S.G. Checkland, \u00ab\u00a0The Mines of Tharsis, Roman, French and British Enterprise in Spain\u00a0\u00bb,<\/li>\n\n\n\n<li>George Allen &amp; Unwin Ltd, London, 1967.<\/li>\n\n\n\n<li>G\u00e9rard Chastagnaret, \u201cLEspagne, puissance mini\u00e8re dans l\u2019Europe du XIX\u00e8 si\u00e8cle\u201d. Casa<\/li>\n\n\n\n<li>de Velazquez, Madrid, 2000.<\/li>\n\n\n\n<li>Claude Domergue, \u201cLes mines antiques\u201d, A. ET J. Picard, Paris, 2008.<\/li>\n\n\n\n<li>Fabienne Chevallier, \u201cLe Paris Moderne, Histoire des politiques d\u2019Hygi\u00e8ne (1855-1898),<\/li>\n\n\n\n<li>Presses Universitaires de Rennes, 2010.<\/li>\n\n\n\n<li>\u00ab\u00a0Ernest Deligny en Tharsis, 1853-1859\u00a0\u00bb por Beno\u00eet Gervais\u00a0; \u00ab\u00a0Llamaremos Tharsis, a<\/li>\n\n\n\n<li>las minas del termino de Alosno\u00a0\u00bb por Jos\u00e9 Gomez Ponce\u00a0; prologo por Maria Doores<\/li>\n\n\n\n<li>Ferrero Blanco\u00a0; Associacion Amigos de Tharsis Ernesto Deligny, Badajoz, 2020.<\/li>\n\n\n\n<li>Beno\u00eet Gervais, \u00ab\u00a0Ernest Deligny en Tharsis, 1853-1859\u00a0\u00bb. Traducci\u00f3n por Leticia<\/li>\n\n\n\n<li>Tobalina Pulido, doctora en arqueologia, universidad de Navarra. PDF-ESP; PDF-FR.<\/li>\n\n\n\n<li>Beno\u00eet Gervais, \u201cErnest Deligny em Sao Domingos (1855-1898)\u201d. Tradu\u00e7ao por Joao<\/li>\n\n\n\n<li>Ramos Nunes, Centro de Estudos da Mina de S\u00e3o Domingos (CEMSD) . PDF-Por; PDF-FR.<\/li>\n\n\n\n<li>Beno\u00eet Gervais, \u201cSociedad de las minas de cobre d\u2019Alosno (1880)\u201d. Traducci\u00f3n por<\/li>\n\n\n\n<li>Marie-Ange Moral. PDF-ESP; PDF-FR.<\/li>\n<\/ul>\n\n\n\n<div class=\"wp-block-group alignfull has-accent-3-background-color has-background is-vertical is-content-justification-center is-layout-flex wp-container-core-group-is-layout-623b1cb9 wp-block-group-is-layout-flex\" style=\"min-height:100vh;margin-top:0;margin-bottom:0;padding-top:var(--wp--preset--spacing--60);padding-right:var(--wp--preset--spacing--50);padding-bottom:var(--wp--preset--spacing--60);padding-left:var(--wp--preset--spacing--50)\">\n<div class=\"wp-block-group has-global-padding is-layout-constrained wp-block-group-is-layout-constrained\">\n<figure class=\"wp-block-image aligncenter size-full is-resized\"><img decoding=\"async\" src=\"https:\/\/www.ernestdeligny.com\/wp-content\/themes\/twentytwentyfour\/assets\/images\/icon-message.webp\" alt=\"\" style=\"object-fit:cover;width:45px;height:49px\"\/><\/figure>\n\n\n\n<div style=\"height:var(--wp--preset--spacing--10)\" aria-hidden=\"true\" class=\"wp-block-spacer\"><\/div>\n\n\n\n<h2 class=\"wp-block-heading has-text-align-center has-contrast-color has-text-color has-link-color has-x-large-font-size wp-elements-e72958095956b5fbebf09051c15d76f6\" style=\"margin-right:0;margin-left:0;padding-right:0;padding-left:0\">Abonnez-vous \u00e0 la newsletter et restez en contact avec notre communaut\u00e9.<\/h2>\n\n\n\n<div style=\"height:var(--wp--preset--spacing--10)\" aria-hidden=\"true\" class=\"wp-block-spacer\"><\/div>\n\n\n\n<div class=\"wp-block-buttons is-content-justification-center is-layout-flex wp-container-core-buttons-is-layout-a89b3969 wp-block-buttons-is-layout-flex\">\n<div class=\"wp-block-button\"><a class=\"wp-block-button__link wp-element-button\">S\u2019inscrire<\/a><\/div>\n<\/div>\n<\/div>\n<\/div>\n","protected":false},"excerpt":{"rendered":"<p>Abonnez-vous \u00e0 la newsletter et restez en contact avec notre communaut\u00e9.<\/p>\n","protected":false},"author":1,"featured_media":0,"parent":0,"menu_order":0,"comment_status":"closed","ping_status":"closed","template":"","meta":{"footnotes":""},"class_list":["post-29","page","type-page","status-publish","hentry"],"_links":{"self":[{"href":"https:\/\/www.ernestdeligny.com\/index.php?rest_route=\/wp\/v2\/pages\/29","targetHints":{"allow":["GET"]}}],"collection":[{"href":"https:\/\/www.ernestdeligny.com\/index.php?rest_route=\/wp\/v2\/pages"}],"about":[{"href":"https:\/\/www.ernestdeligny.com\/index.php?rest_route=\/wp\/v2\/types\/page"}],"author":[{"embeddable":true,"href":"https:\/\/www.ernestdeligny.com\/index.php?rest_route=\/wp\/v2\/users\/1"}],"replies":[{"embeddable":true,"href":"https:\/\/www.ernestdeligny.com\/index.php?rest_route=%2Fwp%2Fv2%2Fcomments&post=29"}],"version-history":[{"count":3,"href":"https:\/\/www.ernestdeligny.com\/index.php?rest_route=\/wp\/v2\/pages\/29\/revisions"}],"predecessor-version":[{"id":46,"href":"https:\/\/www.ernestdeligny.com\/index.php?rest_route=\/wp\/v2\/pages\/29\/revisions\/46"}],"wp:attachment":[{"href":"https:\/\/www.ernestdeligny.com\/index.php?rest_route=%2Fwp%2Fv2%2Fmedia&parent=29"}],"curies":[{"name":"wp","href":"https:\/\/api.w.org\/{rel}","templated":true}]}}