{"id":27,"date":"2026-03-26T19:48:48","date_gmt":"2026-03-26T18:48:48","guid":{"rendered":"https:\/\/www.ernestdeligny.com\/?page_id=27"},"modified":"2026-04-15T19:43:55","modified_gmt":"2026-04-15T17:43:55","slug":"les-mines","status":"publish","type":"page","link":"https:\/\/www.ernestdeligny.com\/?page_id=27","title":{"rendered":"Les mines : Le R\u00e9veil des G\u00e9ants de Pyrite"},"content":{"rendered":"\n<div class=\"wp-block-group alignfull has-global-padding is-layout-constrained wp-container-core-group-is-layout-669513ed wp-block-group-is-layout-constrained\" style=\"margin-top:0;margin-bottom:0;padding-top:var(--wp--preset--spacing--50);padding-right:var(--wp--preset--spacing--50);padding-bottom:var(--wp--preset--spacing--50);padding-left:var(--wp--preset--spacing--50)\">\n<div class=\"wp-block-group is-vertical is-content-justification-center is-layout-flex wp-container-core-group-is-layout-ce155fab wp-block-group-is-layout-flex\">\n<p class=\"has-text-align-center\">En 1853, Ernest Deligny red\u00e9couvre ce que les Ph\u00e9niciens et les Romains exploitaient des mill\u00e9naires plus t\u00f4t : la Ceinture Pyritique Ib\u00e9rique. Des gisements colossaux de cuivre et de soufre qui allaient transformer l&rsquo;Andalousie en moteur industriel de l&rsquo;Europe.<\/p>\n\n\n\n<p class=\"has-text-align-center\"><em>Explorez ci-dessous les concessions historiques fond\u00e9es et d\u00e9velopp\u00e9es par Deligny, de l&#8217;embl\u00e9matique mine de Tharsis aux gisements strat\u00e9giques de la fronti\u00e8re portugaise.<\/em><\/p>\n<\/div>\n\n\n\n<div style=\"height:var(--wp--preset--spacing--30)\" aria-hidden=\"true\" class=\"wp-block-spacer\"><\/div>\n\n\n\n<div class=\"wp-block-columns alignwide is-layout-flex wp-container-core-columns-is-layout-4935966c wp-block-columns-is-layout-flex\" style=\"padding-right:0;padding-left:0\">\n<div class=\"wp-block-column is-layout-flow wp-block-column-is-layout-flow\">\n<figure class=\"wp-block-image size-full is-style-rounded is-style-rounded--1\"><a href=\"https:\/\/www.ernestdeligny.com\/?p=48\"><img loading=\"lazy\" decoding=\"async\" width=\"2048\" height=\"1536\" src=\"https:\/\/www.ernestdeligny.com\/wp-content\/uploads\/2026\/03\/517399380_1294934649300409_3752655944019674729_n.jpg\" alt=\"\" class=\"wp-image-41\" style=\"aspect-ratio:1;object-fit:cover\" srcset=\"https:\/\/www.ernestdeligny.com\/wp-content\/uploads\/2026\/03\/517399380_1294934649300409_3752655944019674729_n.jpg 2048w, https:\/\/www.ernestdeligny.com\/wp-content\/uploads\/2026\/03\/517399380_1294934649300409_3752655944019674729_n-300x225.jpg 300w, https:\/\/www.ernestdeligny.com\/wp-content\/uploads\/2026\/03\/517399380_1294934649300409_3752655944019674729_n-1024x768.jpg 1024w, https:\/\/www.ernestdeligny.com\/wp-content\/uploads\/2026\/03\/517399380_1294934649300409_3752655944019674729_n-768x576.jpg 768w, https:\/\/www.ernestdeligny.com\/wp-content\/uploads\/2026\/03\/517399380_1294934649300409_3752655944019674729_n-1536x1152.jpg 1536w\" sizes=\"auto, (max-width: 2048px) 100vw, 2048px\" \/><\/a><\/figure>\n\n\n\n<div class=\"wp-block-group is-vertical is-content-justification-center is-nowrap is-layout-flex wp-container-core-group-is-layout-21d4e958 wp-block-group-is-layout-flex\">\n<p class=\"has-text-align-center has-small-font-size\"><strong><a href=\"https:\/\/www.ernestdeligny.com\/?p=48\">San Telmo <\/a><\/strong><\/p>\n\n\n\n<p class=\"has-text-align-center has-small-font-size\">L&rsquo;\u00e9nigme des pyrites de la Sierra<\/p>\n<\/div>\n<\/div>\n\n\n\n<div class=\"wp-block-column is-layout-flow wp-block-column-is-layout-flow\">\n<figure class=\"wp-block-image size-full is-style-rounded is-style-rounded--2\"><img loading=\"lazy\" decoding=\"async\" width=\"2048\" height=\"1536\" src=\"https:\/\/www.ernestdeligny.com\/wp-content\/uploads\/2026\/03\/517399380_1294934649300409_3752655944019674729_n.jpg\" alt=\"\" class=\"wp-image-41\" style=\"aspect-ratio:1;object-fit:cover\" srcset=\"https:\/\/www.ernestdeligny.com\/wp-content\/uploads\/2026\/03\/517399380_1294934649300409_3752655944019674729_n.jpg 2048w, https:\/\/www.ernestdeligny.com\/wp-content\/uploads\/2026\/03\/517399380_1294934649300409_3752655944019674729_n-300x225.jpg 300w, https:\/\/www.ernestdeligny.com\/wp-content\/uploads\/2026\/03\/517399380_1294934649300409_3752655944019674729_n-1024x768.jpg 1024w, https:\/\/www.ernestdeligny.com\/wp-content\/uploads\/2026\/03\/517399380_1294934649300409_3752655944019674729_n-768x576.jpg 768w, https:\/\/www.ernestdeligny.com\/wp-content\/uploads\/2026\/03\/517399380_1294934649300409_3752655944019674729_n-1536x1152.jpg 1536w\" sizes=\"auto, (max-width: 2048px) 100vw, 2048px\" \/><\/figure>\n\n\n\n<div class=\"wp-block-group is-vertical is-content-justification-center is-nowrap is-layout-flex wp-container-core-group-is-layout-63bfd6c1 wp-block-group-is-layout-flex\">\n<p class=\"has-text-align-center has-small-font-size\"><strong><a href=\"https:\/\/www.ernestdeligny.com\/?p=64\">Tharsis<\/a><\/strong><\/p>\n\n\n\n<p class=\"has-text-align-center has-small-font-size\">Sur les traces de la cit\u00e9 biblique<\/p>\n<\/div>\n<\/div>\n\n\n\n<div class=\"wp-block-column is-layout-flow wp-block-column-is-layout-flow\">\n<figure class=\"wp-block-image size-full is-style-rounded is-style-rounded--3\"><img loading=\"lazy\" decoding=\"async\" width=\"2048\" height=\"1536\" src=\"https:\/\/www.ernestdeligny.com\/wp-content\/uploads\/2026\/03\/517399380_1294934649300409_3752655944019674729_n.jpg\" alt=\"\" class=\"wp-image-41\" style=\"aspect-ratio:1;object-fit:cover\" srcset=\"https:\/\/www.ernestdeligny.com\/wp-content\/uploads\/2026\/03\/517399380_1294934649300409_3752655944019674729_n.jpg 2048w, https:\/\/www.ernestdeligny.com\/wp-content\/uploads\/2026\/03\/517399380_1294934649300409_3752655944019674729_n-300x225.jpg 300w, https:\/\/www.ernestdeligny.com\/wp-content\/uploads\/2026\/03\/517399380_1294934649300409_3752655944019674729_n-1024x768.jpg 1024w, https:\/\/www.ernestdeligny.com\/wp-content\/uploads\/2026\/03\/517399380_1294934649300409_3752655944019674729_n-768x576.jpg 768w, https:\/\/www.ernestdeligny.com\/wp-content\/uploads\/2026\/03\/517399380_1294934649300409_3752655944019674729_n-1536x1152.jpg 1536w\" sizes=\"auto, (max-width: 2048px) 100vw, 2048px\" \/><\/figure>\n\n\n\n<div class=\"wp-block-group is-vertical is-content-justification-center is-nowrap is-layout-flex wp-container-core-group-is-layout-63bfd6c1 wp-block-group-is-layout-flex\">\n<p class=\"has-text-align-center has-small-font-size\"><strong><a href=\"https:\/\/www.ernestdeligny.com\/?p=85\">La Sabina<\/a><\/strong><\/p>\n\n\n\n<p class=\"has-text-align-center has-small-font-size\">Le d\u00e9fi \u00e0 la fronti\u00e8re portugaise<\/p>\n<\/div>\n<\/div>\n\n\n\n<div class=\"wp-block-column is-layout-flow wp-block-column-is-layout-flow\">\n\n\n<div class=\"wp-block-group is-vertical is-content-justification-center is-nowrap is-layout-flex wp-container-core-group-is-layout-21d4e958 wp-block-group-is-layout-flex\">\n<p class=\"has-text-align-center has-small-font-size\">\n\t\t\t\t\t<strong>Ivan Lawrence<\/strong>\n\t\t\t\t<\/p>\n\n\n\n<p class=\"has-text-align-center has-small-font-size\">Chef de projet<\/p>\n<\/div>\n<\/div>\n<\/div>\n<\/div>\n\n\n\n<p><\/p>\n","protected":false},"excerpt":{"rendered":"<p>En 1853, Ernest Deligny red\u00e9couvre ce que les Ph\u00e9niciens et les Romains exploitaient des mill\u00e9naires plus t\u00f4t : la Ceinture Pyritique Ib\u00e9rique. Des gisements colossaux de cuivre et de soufre qui allaient transformer l&rsquo;Andalousie en moteur industriel de l&rsquo;Europe. Explorez ci-dessous les concessions historiques fond\u00e9es et d\u00e9velopp\u00e9es par Deligny, de l&#8217;embl\u00e9matique mine de Tharsis aux [&hellip;]<\/p>\n","protected":false},"author":1,"featured_media":0,"parent":0,"menu_order":0,"comment_status":"closed","ping_status":"closed","template":"","meta":{"footnotes":""},"class_list":["post-27","page","type-page","status-publish","hentry"],"_links":{"self":[{"href":"https:\/\/www.ernestdeligny.com\/index.php?rest_route=\/wp\/v2\/pages\/27","targetHints":{"allow":["GET"]}}],"collection":[{"href":"https:\/\/www.ernestdeligny.com\/index.php?rest_route=\/wp\/v2\/pages"}],"about":[{"href":"https:\/\/www.ernestdeligny.com\/index.php?rest_route=\/wp\/v2\/types\/page"}],"author":[{"embeddable":true,"href":"https:\/\/www.ernestdeligny.com\/index.php?rest_route=\/wp\/v2\/users\/1"}],"replies":[{"embeddable":true,"href":"https:\/\/www.ernestdeligny.com\/index.php?rest_route=%2Fwp%2Fv2%2Fcomments&post=27"}],"version-history":[{"count":20,"href":"https:\/\/www.ernestdeligny.com\/index.php?rest_route=\/wp\/v2\/pages\/27\/revisions"}],"predecessor-version":[{"id":126,"href":"https:\/\/www.ernestdeligny.com\/index.php?rest_route=\/wp\/v2\/pages\/27\/revisions\/126"}],"wp:attachment":[{"href":"https:\/\/www.ernestdeligny.com\/index.php?rest_route=%2Fwp%2Fv2%2Fmedia&parent=27"}],"curies":[{"name":"wp","href":"https:\/\/api.w.org\/{rel}","templated":true}]}}